{"id":13,"date":"2020-02-25T22:58:51","date_gmt":"2020-02-25T22:58:51","guid":{"rendered":"https:\/\/www.hafslohytteutleige.com\/?page_id=13"},"modified":"2021-02-09T16:07:36","modified_gmt":"2021-02-09T16:07:36","slug":"vertskap","status":"publish","type":"page","link":"https:\/\/www.hafslohytteutleige.com\/vertskap\/","title":{"rendered":"Vertskap"},"content":{"rendered":"<!-- wp:paragraph -->\n<p>Hafslo hytteutleige er eit familieforetak som er lokalisert ved Straumane i den vakre bygda Hafslo i Luster kommune. Her er det gode moglegheiter for aurefiske. For dei som ynskjer \u00e5 oppleve flott norsk natur, ligg hyttene sentralt plassert for dette. Hyttene har blant anna kort avstand til Jostedalsbreen, Sognefjellet og Ornes stavkyrkje. For dei som ynskjer \u00e5 g\u00e5 i fjellet, har Luster over 50 fjelltoppar som er meir enn 2000 m.o.h.&nbsp;<\/p>\n<!-- \/wp:paragraph -->\n\n<!-- wp:paragraph -->\n<p>Om sommaren m\u00f8ter me mange trivelege gjester fr\u00e5 Noreg, Sverige, Danmark, Holland, Tyskland, Belgia og England. Hyttene ligg i eit barnevennleg omr\u00e5de. Det er med stor spenning og forventing me ser fram til kvar sesong. M\u00e5let v\u00e5rt er at gjestene skal vera n\u00f8gde og trivast hj\u00e5 oss.<\/p>\n<!-- \/wp:paragraph -->\n\n<!-- wp:paragraph -->\n<p>Det er Anja Renate Buskaker som har hovudansvaret for drifta av hyttene, med god hjelp fr\u00e5 mannen sin , Jan Inge Engeb\u00f8, og mora Eldbj\u00f8rg Buskaker. Anja Renate tok over drifta av hyttene v\u00e5ren 2019.<\/p>\n<!-- \/wp:paragraph -->\n\n<!-- wp:paragraph -->\n<p>Det var foreldra til Anja Renate, Inge Tormod (d\u00f8ydde i august 2019) og Eldbj\u00f8rg Buskaker, som starta Hafslo Hytteutleige i 1991, d\u00e5 med ei hytte.&nbsp; Den femte hytta var ferdig i 2000.<\/p>\n<!-- \/wp:paragraph -->\n\n<!-- wp:paragraph -->\n<p>Anja Renate jobbar som l\u00e6rar ved Hafslo barne -og ungdomsskule, medan Jan Inge jobbar i GK Noreg. Anja Renate og Jan Inge har tre barn saman (Aksel, Erle og Brian).<\/p>\n<!-- \/wp:paragraph -->","protected":false},"excerpt":{"rendered":"<p>Hafslo hytteutleige er eit familieforetak som er lokalisert ved Straumane i den vakre bygda Hafslo i Luster kommune. Her er det gode moglegheiter for aurefiske. For dei som ynskjer \u00e5 oppleve flott norsk natur, ligg hyttene sentralt plassert for dette. Hyttene har blant anna kort avstand til Jostedalsbreen, Sognefjellet og Ornes stavkyrkje. For dei som&hellip; <br \/> <a class=\"read-more\" href=\"https:\/\/www.hafslohytteutleige.com\/vertskap\/\">Read more<\/a><\/p>\n","protected":false},"author":1,"featured_media":0,"parent":0,"menu_order":0,"comment_status":"closed","ping_status":"closed","template":"","meta":[],"_links":{"self":[{"href":"https:\/\/www.hafslohytteutleige.com\/wp-json\/wp\/v2\/pages\/13"}],"collection":[{"href":"https:\/\/www.hafslohytteutleige.com\/wp-json\/wp\/v2\/pages"}],"about":[{"href":"https:\/\/www.hafslohytteutleige.com\/wp-json\/wp\/v2\/types\/page"}],"author":[{"embeddable":true,"href":"https:\/\/www.hafslohytteutleige.com\/wp-json\/wp\/v2\/users\/1"}],"replies":[{"embeddable":true,"href":"https:\/\/www.hafslohytteutleige.com\/wp-json\/wp\/v2\/comments?post=13"}],"version-history":[{"count":4,"href":"https:\/\/www.hafslohytteutleige.com\/wp-json\/wp\/v2\/pages\/13\/revisions"}],"predecessor-version":[{"id":57,"href":"https:\/\/www.hafslohytteutleige.com\/wp-json\/wp\/v2\/pages\/13\/revisions\/57"}],"wp:attachment":[{"href":"https:\/\/www.hafslohytteutleige.com\/wp-json\/wp\/v2\/media?parent=13"}],"curies":[{"name":"wp","href":"https:\/\/api.w.org\/{rel}","templated":true}]}}